{"id":7,"date":"2018-06-16T13:00:50","date_gmt":"2018-06-16T11:00:50","guid":{"rendered":"http:\/\/lekar.video\/?page_id=7"},"modified":"2021-02-15T23:40:56","modified_gmt":"2021-02-15T22:40:56","slug":"accueil","status":"publish","type":"page","link":"https:\/\/www.lekar.video\/","title":{"rendered":"Accueil"},"content":{"rendered":"<p>Bienvenue sur le site LEKAR ! Sp\u00e9cialiste de la captation professionnelle sur toute le France, nous vous proposons un ensemble de solutions techniques pour r\u00e9pondre \u00e0 vos besoins.<\/p>\n<p>De la captation de concert symphonique, \u00e0 la diffusion TV, en passant par la cr\u00e9ation de DVD de spectacles, ou le streaming sur Internet d&rsquo;\u00e9v\u00e9nements &lsquo;corporate&rsquo;, nous proposons toute une gamme de solutions de captations ou diffusions.<\/p>\n<p>N&rsquo;h\u00e9sitez pas \u00e0 visiter nos &lsquo;Kars&rsquo; par l&rsquo;interm\u00e9diaire des descriptions techniques, ou de nous contacter pour de plus amples renseignements ou demande de prestation.<\/p>\n","protected":false},"excerpt":{"rendered":"<p>Bienvenue sur le site LEKAR ! Sp\u00e9cialiste de la captation professionnelle sur toute le France, nous vous proposons un ensemble de solutions techniques pour r\u00e9pondre \u00e0 vos besoins. De la captation de concert symphonique, \u00e0 la diffusion TV, en passant par la cr\u00e9ation de DVD de spectacles, ou le streaming sur Internet d&rsquo;\u00e9v\u00e9nements &lsquo;corporate&rsquo;, nous &hellip; <\/p>\n<p class=\"link-more\"><a href=\"https:\/\/www.lekar.video\/\" class=\"more-link\">Continuer la lecture<span class=\"screen-reader-text\"> de &laquo;&nbsp;Accueil&nbsp;&raquo;<\/span><\/a><\/p>\n","protected":false},"author":1,"featured_media":0,"parent":0,"menu_order":0,"comment_status":"closed","ping_status":"closed","template":"","meta":{"footnotes":""},"class_list":["post-7","page","type-page","status-publish","hentry"],"_links":{"self":[{"href":"https:\/\/www.lekar.video\/index.php?rest_route=\/wp\/v2\/pages\/7","targetHints":{"allow":["GET"]}}],"collection":[{"href":"https:\/\/www.lekar.video\/index.php?rest_route=\/wp\/v2\/pages"}],"about":[{"href":"https:\/\/www.lekar.video\/index.php?rest_route=\/wp\/v2\/types\/page"}],"author":[{"embeddable":true,"href":"https:\/\/www.lekar.video\/index.php?rest_route=\/wp\/v2\/users\/1"}],"replies":[{"embeddable":true,"href":"https:\/\/www.lekar.video\/index.php?rest_route=%2Fwp%2Fv2%2Fcomments&post=7"}],"version-history":[{"count":3,"href":"https:\/\/www.lekar.video\/index.php?rest_route=\/wp\/v2\/pages\/7\/revisions"}],"predecessor-version":[{"id":126,"href":"https:\/\/www.lekar.video\/index.php?rest_route=\/wp\/v2\/pages\/7\/revisions\/126"}],"wp:attachment":[{"href":"https:\/\/www.lekar.video\/index.php?rest_route=%2Fwp%2Fv2%2Fmedia&parent=7"}],"curies":[{"name":"wp","href":"https:\/\/api.w.org\/{rel}","templated":true}]}}