{"id":8,"date":"2018-06-16T13:00:50","date_gmt":"2018-06-16T11:00:50","guid":{"rendered":"http:\/\/lekar.video\/?page_id=8"},"modified":"2024-12-07T17:12:40","modified_gmt":"2024-12-07T16:12:40","slug":"a-propos-de","status":"publish","type":"page","link":"https:\/\/www.lekar.video\/?page_id=8","title":{"rendered":"\u00c0 propos de"},"content":{"rendered":"<p>Le K.A.R. vous propopose 3 types de cars r\u00e9gies, solution mobile de production audio et vid\u00e9o, totalement \u00e9quip\u00e9s pour la haute d\u00e9finition.<\/p>\n\n\n<p><strong>Le \u00ab\u00a0K1\u00a0\u00bb<\/strong><\/p>\n\n\n\n<figure class=\"wp-block-image size-large\"><img loading=\"lazy\" decoding=\"async\" width=\"676\" height=\"298\" src=\"http:\/\/www.lekar.video\/wp-content\/uploads\/2021\/02\/K1png-1.png\" alt=\"\" class=\"wp-image-70\" srcset=\"https:\/\/www.lekar.video\/wp-content\/uploads\/2021\/02\/K1png-1.png 676w, https:\/\/www.lekar.video\/wp-content\/uploads\/2021\/02\/K1png-1-300x132.png 300w\" sizes=\"auto, (max-width: 676px) 100vw, 676px\" \/><\/figure>\n\n\n\n<div class=\"wp-block-file\"><a href=\"http:\/\/www.lekar.video\/wp-content\/uploads\/2021\/12\/K1-Plaquette22.pdf\" target=\"_blank\" rel=\"noreferrer noopener\">Description technique K1<\/a><a href=\"http:\/\/www.lekar.video\/wp-content\/uploads\/2024\/12\/K1-Plaquette-24.pdf\" class=\"wp-block-file__button wp-element-button\" download=\"\">T\u00e9l\u00e9charger<\/a><\/div>\n\n\n\n<p><br><br>Le \u00ab\u00a0<strong>K1&Prime;<\/strong> est un car r\u00e9gie haut de gamme, nativement compatible 4K, con\u00e7u pour les productions t\u00e9l\u00e9visuelles, des \u00e9v\u00e9nements sportifs \u00e0 la captation d&rsquo;orchestres symphoniques. Il allie technologie de pointe et confort de travail pour assurer des prestations de qualit\u00e9 sup\u00e9rieure. Ce v\u00e9hicule compact peut g\u00e9rer jusqu&rsquo;\u00e0 10 cam\u00e9ras, offrant ainsi une solution mobile sophistiqu\u00e9e pour diverses productions audiovisuelles.<\/p>\n\n\n\n<figure class=\"wp-block-image size-full\"><img loading=\"lazy\" decoding=\"async\" width=\"612\" height=\"408\" src=\"http:\/\/www.lekar.video\/wp-content\/uploads\/2024\/12\/Screenshot_2024-12-07_at_17.10.29-removebg-preview.png\" alt=\"\" class=\"wp-image-202\" srcset=\"https:\/\/www.lekar.video\/wp-content\/uploads\/2024\/12\/Screenshot_2024-12-07_at_17.10.29-removebg-preview.png 612w, https:\/\/www.lekar.video\/wp-content\/uploads\/2024\/12\/Screenshot_2024-12-07_at_17.10.29-removebg-preview-300x200.png 300w\" sizes=\"auto, (max-width: 612px) 100vw, 612px\" \/><\/figure>\n\n\n\n<hr class=\"wp-block-separator has-css-opacity\"\/>\n\n\n\n<p><strong>Le \u00ab\u00a0K2\u00a0\u00bb<\/strong><\/p>\n\n\n\n<p>Outil compact jusqu&rsquo;\u00e0 8 cam\u00e9ras, le K2 est le couteau suisse des prestations ou le concentr\u00e9 de technologie se doit d&rsquo;\u00eatre optimum. Discret et concentr\u00e9, il trouve sa place derri\u00e8re un th\u00e9atre, un op\u00e9ra pour la captation de qualit\u00e9.<\/p>\n\n\n\n<figure class=\"wp-block-image size-large\"><img loading=\"lazy\" decoding=\"async\" width=\"781\" height=\"384\" src=\"http:\/\/www.lekar.video\/wp-content\/uploads\/2021\/02\/K2-1.png\" alt=\"\" class=\"wp-image-88\" srcset=\"https:\/\/www.lekar.video\/wp-content\/uploads\/2021\/02\/K2-1.png 781w, https:\/\/www.lekar.video\/wp-content\/uploads\/2021\/02\/K2-1-300x148.png 300w, https:\/\/www.lekar.video\/wp-content\/uploads\/2021\/02\/K2-1-768x378.png 768w\" sizes=\"auto, (max-width: 767px) 89vw, (max-width: 1000px) 54vw, (max-width: 1071px) 543px, 580px\" \/><\/figure>\n\n\n\n<div class=\"wp-block-file\"><a href=\"http:\/\/www.lekar.video\/wp-content\/uploads\/2021\/03\/K2-Plaquette.pdf\">Description technique K2<\/a><a href=\"http:\/\/www.lekar.video\/wp-content\/uploads\/2021\/03\/K2-Plaquette.pdf\" class=\"wp-block-file__button wp-element-button\" download>T\u00e9l\u00e9charger<\/a><\/div>\n\n\n\n<hr class=\"wp-block-separator has-css-opacity\"\/>\n\n\n\n<p><strong>Le \u00ab\u00a0K3\u00a0\u00bb<\/strong><\/p>\n\n\n\n<p>Le K3, c&rsquo;est un v\u00e9hicule discret et compact, pour des prestations avec un ing\u00e9nieur son &amp; un r\u00e9alisateur jusqu&rsquo;\u00e0 8 Cams.<\/p>\n\n\n\n<p><\/p>\n\n\n\n<figure class=\"wp-block-image size-large\"><img loading=\"lazy\" decoding=\"async\" width=\"1024\" height=\"695\" src=\"http:\/\/www.lekar.video\/wp-content\/uploads\/2021\/02\/K3-1-1024x695.png\" alt=\"\" class=\"wp-image-90\" srcset=\"https:\/\/www.lekar.video\/wp-content\/uploads\/2021\/02\/K3-1-1024x695.png 1024w, https:\/\/www.lekar.video\/wp-content\/uploads\/2021\/02\/K3-1-300x204.png 300w, https:\/\/www.lekar.video\/wp-content\/uploads\/2021\/02\/K3-1-768x521.png 768w, https:\/\/www.lekar.video\/wp-content\/uploads\/2021\/02\/K3-1.png 1197w\" sizes=\"auto, (max-width: 767px) 89vw, (max-width: 1000px) 54vw, (max-width: 1071px) 543px, 580px\" \/><\/figure>\n\n\n\n<div class=\"wp-block-file\"><a href=\"http:\/\/www.lekar.video\/wp-content\/uploads\/2021\/02\/K3-Plaquette21-1.pdf\">Description technique du K3<\/a><a href=\"http:\/\/www.lekar.video\/wp-content\/uploads\/2021\/02\/K3-Plaquette21-1.pdf\" class=\"wp-block-file__button wp-element-button\" download>T\u00e9l\u00e9charger<\/a><\/div>\n","protected":false},"excerpt":{"rendered":"<p>Le K.A.R. vous propopose 3 types de cars r\u00e9gies, solution mobile de production audio et vid\u00e9o, totalement \u00e9quip\u00e9s pour la haute d\u00e9finition. Le \u00ab\u00a0K1\u00a0\u00bb Description technique K1T\u00e9l\u00e9charger Le \u00ab\u00a0K1&Prime; est un car r\u00e9gie haut de gamme, nativement compatible 4K, con\u00e7u pour les productions t\u00e9l\u00e9visuelles, des \u00e9v\u00e9nements sportifs \u00e0 la captation d&rsquo;orchestres symphoniques. Il allie technologie &hellip; <\/p>\n<p class=\"link-more\"><a href=\"https:\/\/www.lekar.video\/?page_id=8\" class=\"more-link\">Continuer la lecture<span class=\"screen-reader-text\"> de &laquo;&nbsp;\u00c0 propos de&nbsp;&raquo;<\/span><\/a><\/p>\n","protected":false},"author":1,"featured_media":0,"parent":0,"menu_order":1,"comment_status":"closed","ping_status":"closed","template":"","meta":{"footnotes":""},"class_list":["post-8","page","type-page","status-publish","hentry"],"_links":{"self":[{"href":"https:\/\/www.lekar.video\/index.php?rest_route=\/wp\/v2\/pages\/8","targetHints":{"allow":["GET"]}}],"collection":[{"href":"https:\/\/www.lekar.video\/index.php?rest_route=\/wp\/v2\/pages"}],"about":[{"href":"https:\/\/www.lekar.video\/index.php?rest_route=\/wp\/v2\/types\/page"}],"author":[{"embeddable":true,"href":"https:\/\/www.lekar.video\/index.php?rest_route=\/wp\/v2\/users\/1"}],"replies":[{"embeddable":true,"href":"https:\/\/www.lekar.video\/index.php?rest_route=%2Fwp%2Fv2%2Fcomments&post=8"}],"version-history":[{"count":18,"href":"https:\/\/www.lekar.video\/index.php?rest_route=\/wp\/v2\/pages\/8\/revisions"}],"predecessor-version":[{"id":203,"href":"https:\/\/www.lekar.video\/index.php?rest_route=\/wp\/v2\/pages\/8\/revisions\/203"}],"wp:attachment":[{"href":"https:\/\/www.lekar.video\/index.php?rest_route=%2Fwp%2Fv2%2Fmedia&parent=8"}],"curies":[{"name":"wp","href":"https:\/\/api.w.org\/{rel}","templated":true}]}}